{"id":29905,"date":"2018-10-25T14:01:14","date_gmt":"2018-10-25T12:01:14","guid":{"rendered":"https:\/\/mice-spirit.com\/?page_id=29905"},"modified":"2020-10-07T15:48:40","modified_gmt":"2020-10-07T13:48:40","slug":"home","status":"publish","type":"page","link":"https:\/\/mice-spirit.com\/en\/","title":{"rendered":"Home"},"content":{"rendered":"<p>[et_pb_section fb_built=\u00a0\u00bb1&Prime; fullwidth=\u00a0\u00bbon\u00a0\u00bb _builder_version=\u00a0\u00bb3.22&Prime; custom_padding=\u00a0\u00bb0|0px|0|0|false|false\u00a0\u00bb][et_pb_fullwidth_image src=\u00a0\u00bbhttps:\/\/mice-spirit.com\/wp-content\/uploads\/2018\/10\/Banner_5.gif\u00a0\u00bb _builder_version=\u00a0\u00bb3.15&Prime;]&nbsp;<br \/>\n[\/et_pb_fullwidth_image][\/et_pb_section][et_pb_section fb_built=\u00a0\u00bb1&Prime; admin_label=\u00a0\u00bbResources\u00a0\u00bb _builder_version=\u00a0\u00bb3.22&Prime; background_color=\u00a0\u00bbrgba(7,67,84,0.05)\u00a0\u00bb parallax=\u00a0\u00bbon\u00a0\u00bb parallax_method=\u00a0\u00bboff\u00a0\u00bb custom_margin=\u00a0\u00bb|||\u00a0\u00bb custom_padding=\u00a0\u00bb1px|0px|50px|0|false|false\u00a0\u00bb top_divider_style=\u00a0\u00bbarrow3&Prime; top_divider_color=\u00a0\u00bbrgba(34,124,154,0.2)\u00a0\u00bb top_divider_height=\u00a0\u00bb500px\u00a0\u00bb bottom_divider_style=\u00a0\u00bbarrow3&Prime; bottom_divider_color=\u00a0\u00bbrgba(34,124,154,0.2)\u00a0\u00bb bottom_divider_height=\u00a0\u00bb500px\u00a0\u00bb animation_style=\u00a0\u00bbfade\u00a0\u00bb][et_pb_row _builder_version=\u00a0\u00bb3.25&Prime; custom_padding=\u00a0\u00bb71px|0px|27px|0px|false|false\u00a0\u00bb][et_pb_column type=\u00a0\u00bb4_4&Prime; _builder_version=\u00a0\u00bb3.25&Prime; custom_padding=\u00a0\u00bb|||\u00a0\u00bb custom_padding__hover=\u00a0\u00bb|||\u00a0\u00bb][et_pb_text _builder_version=\u00a0\u00bb3.27.4&Prime; text_font=\u00a0\u00bb||||||||\u00a0\u00bb text_text_color=\u00a0\u00bb#074354&Prime; header_font=\u00a0\u00bbMontserrat|700|||||||\u00a0\u00bb header_text_color=\u00a0\u00bb#074354&Prime; header_line_height=\u00a0\u00bb1.3em\u00a0\u00bb header_font_size_tablet=\u00a0\u00bb\u00a0\u00bb header_font_size_phone=\u00a0\u00bb\u00a0\u00bb header_font_size_last_edited=\u00a0\u00bbon|phone\u00a0\u00bb header_letter_spacing_tablet=\u00a0\u00bb\u00a0\u00bb header_letter_spacing_phone=\u00a0\u00bb0px\u00a0\u00bb header_letter_spacing_last_edited=\u00a0\u00bbon|phone\u00a0\u00bb header_line_height_tablet=\u00a0\u00bb\u00a0\u00bb header_line_height_phone=\u00a0\u00bb1.4em\u00a0\u00bb header_line_height_last_edited=\u00a0\u00bbon|desktop\u00a0\u00bb]<\/p>\n<h1 style=\"text-align: center;\">Vivons une exp\u00e9rience ensemble, votre r\u00e9ussite sera la n\u00f4tre<\/h1>\n<p>[\/et_pb_text][\/et_pb_column][\/et_pb_row][et_pb_row make_equal=\u00a0\u00bbon\u00a0\u00bb module_class=\u00a0\u00bb et_pb_row_fullwidth\u00a0\u00bb _builder_version=\u00a0\u00bb3.25&Prime; width=\u00a0\u00bb89%\u00a0\u00bb width_tablet=\u00a0\u00bb80%\u00a0\u00bb width_last_edited=\u00a0\u00bbon|desktop\u00a0\u00bb max_width=\u00a0\u00bb89%\u00a0\u00bb max_width_tablet=\u00a0\u00bb80%\u00a0\u00bb max_width_last_edited=\u00a0\u00bbon|desktop\u00a0\u00bb custom_margin=\u00a0\u00bb50px|||\u00a0\u00bb custom_padding=\u00a0\u00bb24.7344px|0px|17px|0px|false|false\u00a0\u00bb make_fullwidth=\u00a0\u00bbon\u00a0\u00bb column_structure=\u00a0\u00bb1_2,1_2&Prime;][et_pb_column type=\u00a0\u00bb1_2&Prime; _builder_version=\u00a0\u00bb3.25&Prime; custom_padding=\u00a0\u00bb|||\u00a0\u00bb custom_padding__hover=\u00a0\u00bb|||\u00a0\u00bb][et_pb_blurb icon_placement=\u00a0\u00bbleft\u00a0\u00bb _builder_version=\u00a0\u00bb4.6.5&Prime; header_font=\u00a0\u00bb|500|||||||\u00a0\u00bb header_font_size=\u00a0\u00bb22px\u00a0\u00bb header_line_height=\u00a0\u00bb1.8em\u00a0\u00bb body_font=\u00a0\u00bbMontserrat||||||||\u00a0\u00bb body_font_size=\u00a0\u00bb16px\u00a0\u00bb body_letter_spacing=\u00a0\u00bb1px\u00a0\u00bb body_line_height=\u00a0\u00bb1.8em\u00a0\u00bb animation_style=\u00a0\u00bbfade\u00a0\u00bb hover_enabled=\u00a0\u00bb0&Prime; border_color_all_image=\u00a0\u00bb#\u00a0\u00bb sticky_enabled=\u00a0\u00bb0&Prime;]<\/p>\n<p style=\"text-align: justify;\">Vous \u00eates \u00e0 la recherche d\u2019un partenaire pour l\u2019organisation de votre \u00e9v\u00e9nement\u00a0? Nous sommes l\u00e0 pour vous soutenir dans votre projet, de sa conception \u00e0 son organisation. Flexible et r\u00e9actif, M.I.C.E. spirit saura trouver des solutions \u00e0 vos demandes les plus inattendues<\/p>\n<p>[\/et_pb_blurb][\/et_pb_column][et_pb_column type=\u00a0\u00bb1_2&Prime; _builder_version=\u00a0\u00bb3.25&Prime; custom_padding=\u00a0\u00bb|||\u00a0\u00bb custom_padding__hover=\u00a0\u00bb|||\u00a0\u00bb][et_pb_blurb icon_placement=\u00a0\u00bbleft\u00a0\u00bb _builder_version=\u00a0\u00bb4.6.5&Prime; header_font=\u00a0\u00bb|500|||||||\u00a0\u00bb header_font_size=\u00a0\u00bb22px\u00a0\u00bb header_line_height=\u00a0\u00bb1.8em\u00a0\u00bb body_font=\u00a0\u00bbMontserrat||||||||\u00a0\u00bb body_font_size=\u00a0\u00bb16px\u00a0\u00bb body_letter_spacing=\u00a0\u00bb1px\u00a0\u00bb body_line_height=\u00a0\u00bb1.8em\u00a0\u00bb animation_style=\u00a0\u00bbfade\u00a0\u00bb hover_enabled=\u00a0\u00bb0&Prime; border_color_all_image=\u00a0\u00bb#\u00a0\u00bb sticky_enabled=\u00a0\u00bb0&Prime;]<\/p>\n<p style=\"text-align: justify;\">M.I.C.E. spirit c\u2019est avant tout une agence \u00e9v\u00e9nementielle \u00e0 votre \u00e9coute. Avec pr\u00e8s de 25 ans d\u2019exp\u00e9rience combin\u00e9e, une expertise terrain en Suisse et \u00e0 l\u2019\u00e9tranger et un r\u00e9seau de partenaires de confiance, M.IC.E. Spirit fera de votre \u00e9v\u00e9nement un succ\u00e8s.<\/p>\n<p>[\/et_pb_blurb][\/et_pb_column][\/et_pb_row][et_pb_row _builder_version=\u00a0\u00bb3.25&Prime; custom_padding=\u00a0\u00bb0|0px|0|0px|false|false\u00a0\u00bb][et_pb_column type=\u00a0\u00bb4_4&Prime; _builder_version=\u00a0\u00bb3.25&Prime; custom_padding=\u00a0\u00bb|||\u00a0\u00bb custom_padding__hover=\u00a0\u00bb|||\u00a0\u00bb][et_pb_divider show_divider=\u00a0\u00bboff\u00a0\u00bb disabled_on=\u00a0\u00bboff|off|on\u00a0\u00bb _builder_version=\u00a0\u00bb3.15&Prime; height=\u00a0\u00bb33px\u00a0\u00bb][\/et_pb_divider][et_pb_button button_url=\u00a0\u00bbhttps:\/\/mice-spirit.com\/nos-services\/\u00a0\u00bb url_new_window=\u00a0\u00bbon\u00a0\u00bb button_text=\u00a0\u00bbEn savoir plus\u00a0\u00bb button_alignment=\u00a0\u00bbcenter\u00a0\u00bb _builder_version=\u00a0\u00bb3.16&Prime; custom_button=\u00a0\u00bbon\u00a0\u00bb button_text_size=\u00a0\u00bb18px\u00a0\u00bb button_text_color=\u00a0\u00bb#074354&Prime; button_border_width=\u00a0\u00bb1px\u00a0\u00bb button_border_radius=\u00a0\u00bb15px\u00a0\u00bb button_letter_spacing=\u00a0\u00bb1px\u00a0\u00bb button_font=\u00a0\u00bbMontserrat||||||||\u00a0\u00bb custom_margin_tablet=\u00a0\u00bb\u00a0\u00bb custom_margin_phone=\u00a0\u00bb8px||3px|\u00a0\u00bb custom_margin_last_edited=\u00a0\u00bbon|phone\u00a0\u00bb button_text_size__hover_enabled=\u00a0\u00bboff\u00a0\u00bb button_one_text_size__hover_enabled=\u00a0\u00bboff\u00a0\u00bb button_two_text_size__hover_enabled=\u00a0\u00bboff\u00a0\u00bb button_text_color__hover_enabled=\u00a0\u00bboff\u00a0\u00bb button_one_text_color__hover_enabled=\u00a0\u00bboff\u00a0\u00bb button_two_text_color__hover_enabled=\u00a0\u00bboff\u00a0\u00bb button_border_width__hover_enabled=\u00a0\u00bboff\u00a0\u00bb button_one_border_width__hover_enabled=\u00a0\u00bboff\u00a0\u00bb button_two_border_width__hover_enabled=\u00a0\u00bboff\u00a0\u00bb button_border_color__hover_enabled=\u00a0\u00bboff\u00a0\u00bb button_one_border_color__hover_enabled=\u00a0\u00bboff\u00a0\u00bb button_two_border_color__hover_enabled=\u00a0\u00bboff\u00a0\u00bb button_border_radius__hover_enabled=\u00a0\u00bboff\u00a0\u00bb button_one_border_radius__hover_enabled=\u00a0\u00bboff\u00a0\u00bb button_two_border_radius__hover_enabled=\u00a0\u00bboff\u00a0\u00bb button_letter_spacing__hover_enabled=\u00a0\u00bboff\u00a0\u00bb button_one_letter_spacing__hover_enabled=\u00a0\u00bboff\u00a0\u00bb button_two_letter_spacing__hover_enabled=\u00a0\u00bboff\u00a0\u00bb button_bg_color__hover_enabled=\u00a0\u00bboff\u00a0\u00bb button_one_bg_color__hover_enabled=\u00a0\u00bboff\u00a0\u00bb button_two_bg_color__hover_enabled=\u00a0\u00bboff\u00a0\u00bb]&nbsp;<br \/>\n[\/et_pb_button][\/et_pb_column][\/et_pb_row][et_pb_row make_equal=\u00a0\u00bbon\u00a0\u00bb module_class=\u00a0\u00bb et_pb_row_fullwidth\u00a0\u00bb _builder_version=\u00a0\u00bb3.25&Prime; width=\u00a0\u00bb89%\u00a0\u00bb width_tablet=\u00a0\u00bb80%\u00a0\u00bb width_last_edited=\u00a0\u00bbon|desktop\u00a0\u00bb max_width=\u00a0\u00bb89%\u00a0\u00bb max_width_tablet=\u00a0\u00bb80%\u00a0\u00bb max_width_last_edited=\u00a0\u00bbon|desktop\u00a0\u00bb custom_margin=\u00a0\u00bb50px|||\u00a0\u00bb custom_padding=\u00a0\u00bb0|0px|27px|0px|false|false\u00a0\u00bb make_fullwidth=\u00a0\u00bbon\u00a0\u00bb column_structure=\u00a0\u00bb1_2,1_2&Prime;][et_pb_column type=\u00a0\u00bb1_2&Prime; _builder_version=\u00a0\u00bb3.25&Prime; custom_padding=\u00a0\u00bb|||\u00a0\u00bb custom_padding__hover=\u00a0\u00bb|||\u00a0\u00bb][et_pb_blurb icon_placement=\u00a0\u00bbleft\u00a0\u00bb _builder_version=\u00a0\u00bb4.6.5&Prime; header_font=\u00a0\u00bb|500|||||||\u00a0\u00bb header_font_size=\u00a0\u00bb22px\u00a0\u00bb header_line_height=\u00a0\u00bb1.8em\u00a0\u00bb body_font=\u00a0\u00bbMontserrat||||||||\u00a0\u00bb body_font_size=\u00a0\u00bb16px\u00a0\u00bb body_letter_spacing=\u00a0\u00bb1px\u00a0\u00bb body_line_height=\u00a0\u00bb1.8em\u00a0\u00bb animation_style=\u00a0\u00bbfade\u00a0\u00bb hover_enabled=\u00a0\u00bb0&Prime; border_color_all_image=\u00a0\u00bb#\u00a0\u00bb sticky_enabled=\u00a0\u00bb0&Prime;]<\/p>\n<p style=\"text-align: justify;\">Curieux et passionn\u00e9s, nous nous actualisons sur les tendances, nouveaux lieux, h\u00f4tels, concepts et innovations. Notre m\u00e9tier nous anime et nous prenons un r\u00e9el plaisir \u00e0 \u00e9tudier les diff\u00e9rentes les possibilit\u00e9s pour r\u00e9pondre au mieux \u00e0 vos besoins, tout en gardant votre vision de l\u2019\u00e9v\u00e9nement.<\/p>\n<p>[\/et_pb_blurb][\/et_pb_column][et_pb_column type=\u00a0\u00bb1_2&Prime; _builder_version=\u00a0\u00bb3.25&Prime; custom_padding=\u00a0\u00bb|||\u00a0\u00bb custom_padding__hover=\u00a0\u00bb|||\u00a0\u00bb][et_pb_blurb icon_placement=\u00a0\u00bbleft\u00a0\u00bb _builder_version=\u00a0\u00bb4.6.5&Prime; header_font=\u00a0\u00bb|500|||||||\u00a0\u00bb header_font_size=\u00a0\u00bb22px\u00a0\u00bb header_line_height=\u00a0\u00bb1.8em\u00a0\u00bb body_font=\u00a0\u00bbMontserrat||||||||\u00a0\u00bb body_font_size=\u00a0\u00bb16px\u00a0\u00bb body_letter_spacing=\u00a0\u00bb1px\u00a0\u00bb body_line_height=\u00a0\u00bb1.8em\u00a0\u00bb animation_style=\u00a0\u00bbfade\u00a0\u00bb hover_enabled=\u00a0\u00bb0&Prime; border_color_all_image=\u00a0\u00bb#\u00a0\u00bb sticky_enabled=\u00a0\u00bb0&Prime;]<\/p>\n<p style=\"text-align: justify;\">L\u2019\u00e9v\u00e9nementiel ne se r\u00e9sume pas uniquement \u00e0 une gestion logistique\u00a0; Il s\u2019agit \u00e9galement de v\u00e9hiculer des\u00a0\u00e9motions. Pour cela, nous utiliserons votre \u00ab\u00a0Spirit\u00a0\u00bb et notre cr\u00e9ativit\u00e9 pour des \u00e9v\u00e9nements \u00e0 votre image.<\/p>\n<p>[\/et_pb_blurb][\/et_pb_column][\/et_pb_row][\/et_pb_section][et_pb_section fb_built=\u00a0\u00bb1&Prime; _builder_version=\u00a0\u00bb3.22&Prime; background_color=\u00a0\u00bb#074354&Prime; custom_padding=\u00a0\u00bb30px|0px|2px|0px|false|false\u00a0\u00bb][\/et_pb_section][et_pb_section fb_built=\u00a0\u00bb1&Prime; _builder_version=\u00a0\u00bb3.22&Prime; background_color=\u00a0\u00bbrgba(0,0,0,0.85)\u00a0\u00bb custom_padding=\u00a0\u00bb0|0px|0|0px|false|false\u00a0\u00bb][et_pb_row module_class=\u00a0\u00bb et_pb_row_fullwidth\u00a0\u00bb _builder_version=\u00a0\u00bb3.25&Prime; width=\u00a0\u00bb89%\u00a0\u00bb width_tablet=\u00a0\u00bb80%\u00a0\u00bb width_last_edited=\u00a0\u00bbon|desktop\u00a0\u00bb max_width=\u00a0\u00bb89%\u00a0\u00bb max_width_tablet=\u00a0\u00bb80%\u00a0\u00bb max_width_last_edited=\u00a0\u00bbon|desktop\u00a0\u00bb module_alignment=\u00a0\u00bbcenter\u00a0\u00bb custom_padding=\u00a0\u00bb27px|0px|0|0px|false|false\u00a0\u00bb make_fullwidth=\u00a0\u00bbon\u00a0\u00bb column_structure=\u00a0\u00bb1_3,1_3,1_3&Prime;][et_pb_column type=\u00a0\u00bb1_3&Prime; _builder_version=\u00a0\u00bb3.25&Prime; custom_padding=\u00a0\u00bb|||\u00a0\u00bb custom_padding__hover=\u00a0\u00bb|||\u00a0\u00bb][et_pb_text _builder_version=\u00a0\u00bb3.27.4&Prime; text_font=\u00a0\u00bbMontserrat||||||||\u00a0\u00bb text_text_color=\u00a0\u00bb#ffffff\u00a0\u00bb text_font_size=\u00a0\u00bb16px\u00a0\u00bb]<\/p>\n<p style=\"text-align: center;\">M.I.C.E. spirit<\/p>\n<p style=\"text-align: center;\">Pour plus de renseignements, envoyez-vous un e-mail et nous vous r\u00e9pondrons dans les plus bref d\u00e9lais.<\/p>\n<p>[\/et_pb_text][\/et_pb_column][et_pb_column type=\u00a0\u00bb1_3&Prime; _builder_version=\u00a0\u00bb3.25&Prime; custom_padding=\u00a0\u00bb|||\u00a0\u00bb custom_padding__hover=\u00a0\u00bb|||\u00a0\u00bb][et_pb_text _builder_version=\u00a0\u00bb3.27.4&Prime; text_font=\u00a0\u00bbMontserrat||||||||\u00a0\u00bb text_text_color=\u00a0\u00bb#ffffff\u00a0\u00bb text_font_size=\u00a0\u00bb16px\u00a0\u00bb]<\/p>\n<p style=\"text-align: center;\">T\u00e9l\u00e9phone<\/p>\n<p style=\"text-align: center;\">+41.78.302.66.40<\/p>\n<p style=\"text-align: center;\">+41.78.615.68.78<\/p>\n<p>[\/et_pb_text][\/et_pb_column][et_pb_column type=\u00a0\u00bb1_3&Prime; _builder_version=\u00a0\u00bb3.25&Prime; custom_padding=\u00a0\u00bb|||\u00a0\u00bb custom_padding__hover=\u00a0\u00bb|||\u00a0\u00bb][et_pb_text _builder_version=\u00a0\u00bb3.27.4&Prime; text_font=\u00a0\u00bbMontserrat||||||||\u00a0\u00bb text_text_color=\u00a0\u00bb#ffffff\u00a0\u00bb text_font_size=\u00a0\u00bb16px\u00a0\u00bb]<\/p>\n<p style=\"text-align: center;\">Email<\/p>\n<p style=\"text-align: center;\">info@mice-spirit.com<\/p>\n<p style=\"text-align: center;\">Gen\u00e8ve<\/p>\n<p>[\/et_pb_text][\/et_pb_column][\/et_pb_row][\/et_pb_section]<\/p>\n","protected":false},"excerpt":{"rendered":"<p>&nbsp; Vivons une exp\u00e9rience ensemble, votre r\u00e9ussite sera la n\u00f4tre Vous \u00eates \u00e0 la recherche d\u2019un partenaire pour l\u2019organisation de votre \u00e9v\u00e9nement\u00a0? Nous sommes l\u00e0 pour vous soutenir dans votre projet, de sa conception \u00e0 son organisation. Flexible et r\u00e9actif, M.I.C.E. spirit saura trouver des solutions \u00e0 vos demandes les plus inattendues M.I.C.E. spirit c\u2019est [&hellip;]<\/p>\n","protected":false},"author":4,"featured_media":0,"parent":0,"menu_order":0,"comment_status":"closed","ping_status":"closed","template":"","meta":{"_et_pb_use_builder":"on","_et_pb_old_content":"","_et_gb_content_width":"","footnotes":""},"class_list":["post-29905","page","type-page","status-publish","hentry"],"_links":{"self":[{"href":"https:\/\/mice-spirit.com\/en\/wp-json\/wp\/v2\/pages\/29905","targetHints":{"allow":["GET"]}}],"collection":[{"href":"https:\/\/mice-spirit.com\/en\/wp-json\/wp\/v2\/pages"}],"about":[{"href":"https:\/\/mice-spirit.com\/en\/wp-json\/wp\/v2\/types\/page"}],"author":[{"embeddable":true,"href":"https:\/\/mice-spirit.com\/en\/wp-json\/wp\/v2\/users\/4"}],"replies":[{"embeddable":true,"href":"https:\/\/mice-spirit.com\/en\/wp-json\/wp\/v2\/comments?post=29905"}],"version-history":[{"count":6,"href":"https:\/\/mice-spirit.com\/en\/wp-json\/wp\/v2\/pages\/29905\/revisions"}],"predecessor-version":[{"id":30135,"href":"https:\/\/mice-spirit.com\/en\/wp-json\/wp\/v2\/pages\/29905\/revisions\/30135"}],"wp:attachment":[{"href":"https:\/\/mice-spirit.com\/en\/wp-json\/wp\/v2\/media?parent=29905"}],"curies":[{"name":"wp","href":"https:\/\/api.w.org\/{rel}","templated":true}]}}