{"id":30114,"date":"2020-09-29T15:13:06","date_gmt":"2020-09-29T13:13:06","guid":{"rendered":"http:\/\/mice-spirit.com\/?page_id=30114"},"modified":"2020-10-15T22:32:57","modified_gmt":"2020-10-15T20:32:57","slug":"esprit-luxe-gastronomie","status":"publish","type":"page","link":"https:\/\/mice-spirit.com\/en\/esprit-luxe-gastronomie\/","title":{"rendered":"Luxury and gastronomy spirit"},"content":{"rendered":"<p>[et_pb_section fb_built=\u00a0\u00bb1&Prime; module_id=\u00a0\u00bbphil\u00a0\u00bb _builder_version=\u00a0\u00bb3.22&Prime; background_color=\u00a0\u00bb#074354&Prime; background_color_gradient_direction=\u00a0\u00bb120deg\u00a0\u00bb max_width_tablet=\u00a0\u00bb\u00a0\u00bb max_width_phone=\u00a0\u00bb\u00a0\u00bb max_width_last_edited=\u00a0\u00bbon|desktop\u00a0\u00bb custom_margin=\u00a0\u00bb|||\u00a0\u00bb custom_padding=\u00a0\u00bb30px|0px|1px|0px|false|false\u00a0\u00bb top_divider_color=\u00a0\u00bb#ffffff\u00a0\u00bb bottom_divider_height=\u00a0\u00bb75px\u00a0\u00bb animation_style=\u00a0\u00bbfade\u00a0\u00bb][\/et_pb_section][et_pb_section fb_built=\u00a0\u00bb1&Prime; _builder_version=\u00a0\u00bb3.22&Prime; background_color=\u00a0\u00bbrgba(0,0,0,0.05)\u00a0\u00bb custom_padding=\u00a0\u00bb0|0px|0|0px|false|false\u00a0\u00bb][et_pb_row _builder_version=\u00a0\u00bb3.25&Prime; custom_padding=\u00a0\u00bb0|0px|27px|0px|false|false\u00a0\u00bb][et_pb_column type=\u00a0\u00bb4_4&Prime; _builder_version=\u00a0\u00bb3.25&Prime; custom_padding=\u00a0\u00bb|||\u00a0\u00bb custom_padding__hover=\u00a0\u00bb|||\u00a0\u00bb][et_pb_divider show_divider=\u00a0\u00bboff\u00a0\u00bb _builder_version=\u00a0\u00bb3.15&Prime; height=\u00a0\u00bb60px\u00a0\u00bb][\/et_pb_divider][et_pb_text _builder_version=\u00a0\u00bb4.6.5&Prime; header_font=\u00a0\u00bbMontserrat|||on|||||\u00a0\u00bb header_text_align=\u00a0\u00bbcenter\u00a0\u00bb header_line_height_tablet=\u00a0\u00bb\u00a0\u00bb header_line_height_phone=\u00a0\u00bb1.4em\u00a0\u00bb header_line_height_last_edited=\u00a0\u00bbon|phone\u00a0\u00bb]<\/p>\n<h1 style=\"text-align: center;\">LUXE ET GASTRONOMIE<\/h1>\n<p>[\/et_pb_text][\/et_pb_column][\/et_pb_row][\/et_pb_section][et_pb_section fb_built=\u00a0\u00bb1&Prime; specialty=\u00a0\u00bbon\u00a0\u00bb disabled_on=\u00a0\u00bbon|on|off\u00a0\u00bb module_class=\u00a0\u00bb et_pb_specialty_fullwidth\u00a0\u00bb _builder_version=\u00a0\u00bb3.22&Prime; background_color=\u00a0\u00bbrgba(0,0,0,0.05)\u00a0\u00bb inner_width=\u00a0\u00bb89%\u00a0\u00bb inner_width_tablet=\u00a0\u00bb80%\u00a0\u00bb inner_width_phone=\u00a0\u00bb\u00a0\u00bb inner_width_last_edited=\u00a0\u00bbon|desktop\u00a0\u00bb inner_max_width=\u00a0\u00bb89%\u00a0\u00bb inner_max_width_tablet=\u00a0\u00bb80%\u00a0\u00bb inner_max_width_phone=\u00a0\u00bb\u00a0\u00bb inner_max_width_last_edited=\u00a0\u00bbon|desktop\u00a0\u00bb custom_padding=\u00a0\u00bb0|0px|40px|0px|false|false\u00a0\u00bb make_fullwidth=\u00a0\u00bbon\u00a0\u00bb][et_pb_column type=\u00a0\u00bb1_2&Prime; _builder_version=\u00a0\u00bb3.25&Prime; custom_padding=\u00a0\u00bb|||\u00a0\u00bb custom_padding__hover=\u00a0\u00bb|||\u00a0\u00bb][et_pb_slider show_arrows=\u00a0\u00bboff\u00a0\u00bb show_pagination=\u00a0\u00bboff\u00a0\u00bb _builder_version=\u00a0\u00bb4.6.5&Prime; background_enable_color=\u00a0\u00bboff\u00a0\u00bb custom_margin=\u00a0\u00bb-50px||-250px|\u00a0\u00bb custom_padding=\u00a0\u00bb|||\u00a0\u00bb auto=\u00a0\u00bbon\u00a0\u00bb auto_speed=\u00a0\u00bb4000&Prime; button_text_size__hover_enabled=\u00a0\u00bboff\u00a0\u00bb button_one_text_size__hover_enabled=\u00a0\u00bboff\u00a0\u00bb button_two_text_size__hover_enabled=\u00a0\u00bboff\u00a0\u00bb button_text_color__hover_enabled=\u00a0\u00bboff\u00a0\u00bb button_one_text_color__hover_enabled=\u00a0\u00bboff\u00a0\u00bb button_two_text_color__hover_enabled=\u00a0\u00bboff\u00a0\u00bb button_border_width__hover_enabled=\u00a0\u00bboff\u00a0\u00bb button_one_border_width__hover_enabled=\u00a0\u00bboff\u00a0\u00bb button_two_border_width__hover_enabled=\u00a0\u00bboff\u00a0\u00bb button_border_color__hover_enabled=\u00a0\u00bboff\u00a0\u00bb button_one_border_color__hover_enabled=\u00a0\u00bboff\u00a0\u00bb button_two_border_color__hover_enabled=\u00a0\u00bboff\u00a0\u00bb button_border_radius__hover_enabled=\u00a0\u00bboff\u00a0\u00bb button_one_border_radius__hover_enabled=\u00a0\u00bboff\u00a0\u00bb button_two_border_radius__hover_enabled=\u00a0\u00bboff\u00a0\u00bb button_letter_spacing__hover_enabled=\u00a0\u00bboff\u00a0\u00bb button_one_letter_spacing__hover_enabled=\u00a0\u00bboff\u00a0\u00bb button_two_letter_spacing__hover_enabled=\u00a0\u00bboff\u00a0\u00bb button_bg_color__hover_enabled=\u00a0\u00bboff\u00a0\u00bb button_one_bg_color__hover_enabled=\u00a0\u00bboff\u00a0\u00bb button_two_bg_color__hover_enabled=\u00a0\u00bboff\u00a0\u00bb][et_pb_slide image=\u00a0\u00bbhttp:\/\/mice-spirit.com\/wp-content\/uploads\/2020\/09\/Visu_1.jpeg\u00a0\u00bb _builder_version=\u00a0\u00bb4.6.0&Prime; _module_preset=\u00a0\u00bbdefault\u00a0\u00bb background_enable_color=\u00a0\u00bboff\u00a0\u00bb sticky_transition=\u00a0\u00bbon\u00a0\u00bb][\/et_pb_slide][et_pb_slide image=\u00a0\u00bbhttps:\/\/mice-spirit.com\/wp-content\/uploads\/2020\/10\/Visu_2.jpg\u00a0\u00bb _builder_version=\u00a0\u00bb4.6.5&Prime; _module_preset=\u00a0\u00bbdefault\u00a0\u00bb background_enable_color=\u00a0\u00bboff\u00a0\u00bb sticky_transition=\u00a0\u00bbon\u00a0\u00bb][\/et_pb_slide][et_pb_slide image=\u00a0\u00bbhttp:\/\/mice-spirit.com\/wp-content\/uploads\/2020\/09\/Visu_3.jpeg\u00a0\u00bb _builder_version=\u00a0\u00bb4.6.0&Prime; _module_preset=\u00a0\u00bbdefault\u00a0\u00bb background_enable_color=\u00a0\u00bboff\u00a0\u00bb sticky_transition=\u00a0\u00bbon\u00a0\u00bb][\/et_pb_slide][et_pb_slide image=\u00a0\u00bbhttp:\/\/mice-spirit.com\/wp-content\/uploads\/2020\/09\/Visu_4.jpeg\u00a0\u00bb _builder_version=\u00a0\u00bb4.6.0&Prime; _module_preset=\u00a0\u00bbdefault\u00a0\u00bb background_enable_color=\u00a0\u00bboff\u00a0\u00bb sticky_transition=\u00a0\u00bbon\u00a0\u00bb][\/et_pb_slide][et_pb_slide image=\u00a0\u00bbhttp:\/\/mice-spirit.com\/wp-content\/uploads\/2020\/09\/Visu_5.jpeg\u00a0\u00bb _builder_version=\u00a0\u00bb4.6.0&Prime; _module_preset=\u00a0\u00bbdefault\u00a0\u00bb background_enable_color=\u00a0\u00bboff\u00a0\u00bb sticky_transition=\u00a0\u00bbon\u00a0\u00bb][\/et_pb_slide][et_pb_slide image=\u00a0\u00bbhttp:\/\/mice-spirit.com\/wp-content\/uploads\/2020\/09\/Visu_6.jpeg\u00a0\u00bb _builder_version=\u00a0\u00bb4.6.0&Prime; _module_preset=\u00a0\u00bbdefault\u00a0\u00bb background_enable_color=\u00a0\u00bboff\u00a0\u00bb sticky_transition=\u00a0\u00bbon\u00a0\u00bb][\/et_pb_slide][\/et_pb_slider][\/et_pb_column][et_pb_column type=\u00a0\u00bb1_2&Prime; specialty_columns=\u00a0\u00bb2&Prime; _builder_version=\u00a0\u00bb3.25&Prime; custom_padding=\u00a0\u00bb|||\u00a0\u00bb custom_padding__hover=\u00a0\u00bb|||\u00a0\u00bb][et_pb_row_inner _builder_version=\u00a0\u00bb3.25&Prime;][et_pb_column_inner saved_specialty_column_type=\u00a0\u00bb1_2&Prime; _builder_version=\u00a0\u00bb3.25&Prime; custom_padding=\u00a0\u00bb|||\u00a0\u00bb custom_padding__hover=\u00a0\u00bb|||\u00a0\u00bb][et_pb_divider show_divider=\u00a0\u00bboff\u00a0\u00bb _builder_version=\u00a0\u00bb3.15&Prime; height=\u00a0\u00bb20px\u00a0\u00bb][\/et_pb_divider][et_pb_text _builder_version=\u00a0\u00bb4.6.5&Prime; text_font=\u00a0\u00bb||||||||\u00a0\u00bb header_font=\u00a0\u00bbMontserrat||||||||\u00a0\u00bb header_text_align=\u00a0\u00bbcenter\u00a0\u00bb]<\/p>\n<h1 style=\"text-align: left;\">Luxury at M.I.C.E. spirit<\/h1>\n<p>[\/et_pb_text][et_pb_text _builder_version=\u00a0\u00bb4.6.5&Prime; text_font=\u00a0\u00bbMontserrat||||||||\u00a0\u00bb text_font_size=\u00a0\u00bb16px\u00a0\u00bb]<\/p>\n<p style=\"text-align: justify;\">La d\u00e9finition du mot LUXE peut \u00eatre relative et propre \u00e0 chacun. Elle d\u00e9pend de notre histoire, de notre environnement, de notre culture et \u00e9galement de nos exp\u00e9riences de vie.<\/p>\n<p style=\"text-align: justify;\">Ici, nous \u00e9voquons le terme de luxe EXP\u00c9RIENTIEL m\u00ealant savoir-faire, exigence et excellence. Un luxe EMOTIONEL qui vous propose de vivre des aventures uniques et m\u00e9morables tout en portant une attention particuli\u00e8re aux d\u00e9tails.<\/p>\n<p style=\"text-align: justify;\">Le luxe dans notre m\u00e9tier, c\u2019est personnaliser, th\u00e9\u00e2traliser, sc\u00e9nariser\u2026 Tout est pens\u00e9 pour rendre l\u2019instant exclusif et faire vivre \u00e0 vos invit\u00e9s des moments rares et confidentiels o\u00f9 la qualit\u00e9, l\u2019\u00e9tonnement et l\u2019\u00e9l\u00e9gance sont ma\u00eetre-mots.<\/p>\n<p style=\"text-align: justify;\">\u00ab\u00a0Un d\u00eener mis en place au sommet d\u2019un volcan, l\u2019ouverture de lieux d\u2019ordinaire non exploitables, des transformations d\u2019espaces \u00e0 l\u2019image de votre marque, une s\u00e9lection de sites uniques et peu connus, des id\u00e9es avant-gardistes\u2026\u00a0\u00bb<\/p>\n<p style=\"text-align: justify;\">N\u2019oublions pas l\u2019essentiel\u00a0: LA DISCR\u00c9TION, avec M.I.C.E. spirit, tout est confidentiel et votre nom ne sera jamais divulgu\u00e9.<\/p>\n<p style=\"text-align: justify;\">C\u2019est d\u2019ailleurs pour cette raison que nous n\u2019affichons pas nos r\u00e9f\u00e9rences client sur notre site.<\/p>\n<p style=\"text-align: justify;\">Nous sommes \u00e0 vos c\u00f4t\u00e9s et vous restez le cr\u00e9ateur de VOTRE \u00e9v\u00e9nement.<\/p>\n<p>[\/et_pb_text][\/et_pb_column_inner][\/et_pb_row_inner][\/et_pb_column][\/et_pb_section][et_pb_section fb_built=\u00a0\u00bb1&Prime; disabled_on=\u00a0\u00bbon|on|off\u00a0\u00bb admin_label=\u00a0\u00bbResources\u00a0\u00bb _builder_version=\u00a0\u00bb4.6.5&Prime; background_image=\u00a0\u00bbhttps:\/\/mice-spirit.com\/wp-content\/uploads\/2020\/10\/tagheuer-165-scaled.jpg\u00a0\u00bb parallax=\u00a0\u00bbon\u00a0\u00bb parallax_method=\u00a0\u00bboff\u00a0\u00bb custom_margin=\u00a0\u00bb|||\u00a0\u00bb custom_padding=\u00a0\u00bb127px|0px|254px|0px|false|false\u00a0\u00bb animation_style=\u00a0\u00bbfade\u00a0\u00bb][et_pb_row module_class=\u00a0\u00bb et_pb_row_fullwidth\u00a0\u00bb _builder_version=\u00a0\u00bb3.25&Prime; width=\u00a0\u00bb89%\u00a0\u00bb width_tablet=\u00a0\u00bb80%\u00a0\u00bb width_phone=\u00a0\u00bb\u00a0\u00bb width_last_edited=\u00a0\u00bbon|desktop\u00a0\u00bb max_width=\u00a0\u00bb89%\u00a0\u00bb max_width_tablet=\u00a0\u00bb80%\u00a0\u00bb max_width_phone=\u00a0\u00bb\u00a0\u00bb max_width_last_edited=\u00a0\u00bbon|desktop\u00a0\u00bb custom_margin=\u00a0\u00bb60px|||\u00a0\u00bb custom_padding=\u00a0\u00bb15px|0|61px|0px|false|false\u00a0\u00bb make_fullwidth=\u00a0\u00bbon\u00a0\u00bb][et_pb_column type=\u00a0\u00bb4_4&Prime; _builder_version=\u00a0\u00bb3.25&Prime; custom_padding=\u00a0\u00bb|||\u00a0\u00bb custom_padding__hover=\u00a0\u00bb|||\u00a0\u00bb][et_pb_blurb icon_placement=\u00a0\u00bbleft\u00a0\u00bb content_max_width=\u00a0\u00bb1100px\u00a0\u00bb _builder_version=\u00a0\u00bb4.6.5&Prime; header_font=\u00a0\u00bb|500|||||||\u00a0\u00bb header_font_size=\u00a0\u00bb22px\u00a0\u00bb header_line_height=\u00a0\u00bb1.8em\u00a0\u00bb body_font=\u00a0\u00bbMontserrat||||||||\u00a0\u00bb body_text_color=\u00a0\u00bb#ffffff\u00a0\u00bb body_font_size=\u00a0\u00bb16px\u00a0\u00bb body_letter_spacing=\u00a0\u00bb1px\u00a0\u00bb body_line_height=\u00a0\u00bb1.8em\u00a0\u00bb background_color=\u00a0\u00bbrgba(7,67,84,0.59)\u00a0\u00bb custom_margin=\u00a0\u00bb0px|250px||250px\u00a0\u00bb custom_padding=\u00a0\u00bb0px|||0px\u00a0\u00bb animation_style=\u00a0\u00bbfade\u00a0\u00bb border_radii=\u00a0\u00bbon|22px|22px|22px|22px\u00a0\u00bb]<\/p>\n<p><span style=\"text-decoration: underline;\"><strong>La gastronomie chez M.I.C.E. spirit<\/strong><\/span><\/p>\n<p>Ga\u00eblle, fille de chef \u00e9toil\u00e9 Michelin et passionn\u00e9e de vins, a eu l\u2019habitude de tester les plus belles maisons et de d\u00e9guster de grandes cr\u00e9ations culinaires. Si votre \u00e9v\u00e8nement se veut gastronome, elle saura vous conseiller.<\/p>\n<p>Sen, cuisinier dans une autre vie, est \u00e0 l\u2019aff\u00fbt de toutes les nouvelles adresses et exp\u00e9riences culinaires. \u00c9picurien et gastronome, il saura vous orienter au mieux pour satisfaire vos attentes les plus exigeantes.<\/p>\n<p>La gastronomie allie ma\u00eetrise, partage et cr\u00e9ativit\u00e9. Savoir en faire un \u00e9v\u00e8nement est \u00e9galement notre m\u00e9tier !<\/p>\n<p>[\/et_pb_blurb][\/et_pb_column][\/et_pb_row][\/et_pb_section][et_pb_section fb_built=\u00a0\u00bb1&Prime; disabled_on=\u00a0\u00bboff|off|on\u00a0\u00bb admin_label=\u00a0\u00bbResources\u00a0\u00bb _builder_version=\u00a0\u00bb4.6.5&Prime; background_image=\u00a0\u00bbhttps:\/\/mice-spirit.com\/wp-content\/uploads\/2020\/10\/vincent-ghilione-bAEG-LbgQ7o-unsplash.jpeg\u00a0\u00bb parallax=\u00a0\u00bbon\u00a0\u00bb custom_margin=\u00a0\u00bb|||\u00a0\u00bb custom_padding=\u00a0\u00bb15px|0px|100px|0px|false|false\u00a0\u00bb animation_style=\u00a0\u00bbfade\u00a0\u00bb hover_enabled=\u00a0\u00bb0&Prime; title_text=\u00a0\u00bbvincent-ghilione-bAEG-LbgQ7o-unsplash\u00a0\u00bb sticky_enabled=\u00a0\u00bb0&Prime;][et_pb_row module_class=\u00a0\u00bb et_pb_row_fullwidth\u00a0\u00bb _builder_version=\u00a0\u00bb3.25&Prime; width=\u00a0\u00bb89%\u00a0\u00bb width_tablet=\u00a0\u00bb80%\u00a0\u00bb width_phone=\u00a0\u00bb\u00a0\u00bb width_last_edited=\u00a0\u00bbon|desktop\u00a0\u00bb max_width=\u00a0\u00bb89%\u00a0\u00bb max_width_tablet=\u00a0\u00bb80%\u00a0\u00bb max_width_phone=\u00a0\u00bb\u00a0\u00bb max_width_last_edited=\u00a0\u00bbon|desktop\u00a0\u00bb custom_margin=\u00a0\u00bb50px|||\u00a0\u00bb custom_padding=\u00a0\u00bb15px|0|61px|0px|false|false\u00a0\u00bb make_fullwidth=\u00a0\u00bbon\u00a0\u00bb][et_pb_column type=\u00a0\u00bb4_4&Prime; _builder_version=\u00a0\u00bb3.25&Prime; custom_padding=\u00a0\u00bb|||\u00a0\u00bb custom_padding__hover=\u00a0\u00bb|||\u00a0\u00bb][et_pb_text _builder_version=\u00a0\u00bb4.6.0&Prime; text_font=\u00a0\u00bb||||||||\u00a0\u00bb text_text_color=\u00a0\u00bb#074354&Prime; header_font=\u00a0\u00bbMontserrat|600|||||||\u00a0\u00bb header_text_color=\u00a0\u00bb#ffffff\u00a0\u00bb header_font_size_tablet=\u00a0\u00bb\u00a0\u00bb header_font_size_phone=\u00a0\u00bb20px\u00a0\u00bb header_font_size_last_edited=\u00a0\u00bbon|phone\u00a0\u00bb]<\/p>\n<h1 style=\"text-align: center;\">LUXE ET GASTRONOMIE<\/h1>\n<p>[\/et_pb_text][et_pb_blurb icon_placement=\u00a0\u00bbleft\u00a0\u00bb content_max_width=\u00a0\u00bb1100px\u00a0\u00bb _builder_version=\u00a0\u00bb4.6.5&Prime; header_font=\u00a0\u00bb|500|||||||\u00a0\u00bb header_font_size=\u00a0\u00bb22px\u00a0\u00bb header_line_height=\u00a0\u00bb1.8em\u00a0\u00bb body_font=\u00a0\u00bbMontserrat||||||||\u00a0\u00bb body_text_color=\u00a0\u00bb#ffffff\u00a0\u00bb body_font_size=\u00a0\u00bb16px\u00a0\u00bb body_letter_spacing=\u00a0\u00bb1px\u00a0\u00bb body_line_height=\u00a0\u00bb1.8em\u00a0\u00bb background_color=\u00a0\u00bbrgba(7,67,84,0.6)\u00a0\u00bb animation_style=\u00a0\u00bbfade\u00a0\u00bb hover_enabled=\u00a0\u00bb0&Prime; border_radii=\u00a0\u00bbon|22px|22px|22px|22px\u00a0\u00bb sticky_enabled=\u00a0\u00bb0&Prime;]<\/p>\n<p style=\"text-align: left;\">Le luxe dans notre m\u00e9tier, c\u2019est personnaliser, th\u00e9\u00e2traliser, sc\u00e9nariser\u2026 Tout est pens\u00e9 pour rendre l\u2019instant exclusif et faire vivre \u00e0 vos invit\u00e9s des moments rares et confidentiels o\u00f9 la qualit\u00e9, l\u2019\u00e9tonnement et l\u2019\u00e9l\u00e9gance sont ma\u00eetre-mots.<\/p>\n<p style=\"text-align: left;\">\u00ab\u00a0Un d\u00eener mis en place au sommet d\u2019un volcan, l\u2019ouverture de lieux d\u2019ordinaire non exploitables, des transformations d\u2019espaces \u00e0 l\u2019image de votre marque, une s\u00e9lection de sites uniques et peu connus, des id\u00e9es avant-gardistes\u2026\u00a0\u00bb<\/p>\n<p style=\"text-align: left;\">Quant \u00e0 la gastronomie \u2026 Ga\u00eblle est passionn\u00e9e de vins et fille de chef \u00e9toil\u00e9 Michelin. Sen, \u00e9picurien et gastronome, il est \u00e0 l\u2019aff\u00fbt de toutes les nouvelles adresses et cr\u00e9ations culinaires. Ils sauront vous orienter au mieux pour satisfaire vos attentes gastronomique les plus exigeantes.<\/p>\n<p>[\/et_pb_blurb][\/et_pb_column][\/et_pb_row][\/et_pb_section][et_pb_section fb_built=\u00a0\u00bb1&Prime; _builder_version=\u00a0\u00bb3.22&Prime; background_color=\u00a0\u00bb#074354&Prime; custom_padding=\u00a0\u00bb30px|0px|2px|0px|false|false\u00a0\u00bb][\/et_pb_section][et_pb_section fb_built=\u00a0\u00bb1&Prime; _builder_version=\u00a0\u00bb3.22&Prime; background_color=\u00a0\u00bbrgba(0,0,0,0.85)\u00a0\u00bb custom_padding=\u00a0\u00bb0|0px|0|0px|false|false\u00a0\u00bb][et_pb_row column_structure=\u00a0\u00bb1_3,1_3,1_3&Prime; module_class=\u00a0\u00bb et_pb_row_fullwidth\u00a0\u00bb _builder_version=\u00a0\u00bb3.25&Prime; width=\u00a0\u00bb89%\u00a0\u00bb width_tablet=\u00a0\u00bb80%\u00a0\u00bb width_phone=\u00a0\u00bb\u00a0\u00bb width_last_edited=\u00a0\u00bbon|desktop\u00a0\u00bb max_width=\u00a0\u00bb89%\u00a0\u00bb max_width_tablet=\u00a0\u00bb80%\u00a0\u00bb max_width_phone=\u00a0\u00bb\u00a0\u00bb max_width_last_edited=\u00a0\u00bbon|desktop\u00a0\u00bb custom_padding=\u00a0\u00bb27px|0px|0|0px|false|false\u00a0\u00bb make_fullwidth=\u00a0\u00bbon\u00a0\u00bb][et_pb_column type=\u00a0\u00bb1_3&Prime; _builder_version=\u00a0\u00bb3.25&Prime; custom_padding=\u00a0\u00bb|||\u00a0\u00bb custom_padding__hover=\u00a0\u00bb|||\u00a0\u00bb][et_pb_text _builder_version=\u00a0\u00bb3.27.4&Prime; text_font=\u00a0\u00bbMontserrat||||||||\u00a0\u00bb text_text_color=\u00a0\u00bb#ffffff\u00a0\u00bb text_font_size=\u00a0\u00bb16px\u00a0\u00bb]<\/p>\n<p style=\"text-align: center;\">M.I.C.E. spirit<\/p>\n<p style=\"text-align: center;\">Pour plus de renseignements, envoyez-vous un e-mail et nous vous r\u00e9pondrons dans les plus bref d\u00e9lais.<\/p>\n<p>[\/et_pb_text][\/et_pb_column][et_pb_column type=\u00a0\u00bb1_3&Prime; _builder_version=\u00a0\u00bb3.25&Prime; custom_padding=\u00a0\u00bb|||\u00a0\u00bb custom_padding__hover=\u00a0\u00bb|||\u00a0\u00bb][et_pb_text _builder_version=\u00a0\u00bb3.27.4&Prime; text_font=\u00a0\u00bbMontserrat||||||||\u00a0\u00bb text_text_color=\u00a0\u00bb#ffffff\u00a0\u00bb text_font_size=\u00a0\u00bb16px\u00a0\u00bb]<\/p>\n<p style=\"text-align: center;\">T\u00e9l\u00e9phone<\/p>\n<p style=\"text-align: center;\">+41.78.302.66.40<\/p>\n<p style=\"text-align: center;\">+41.78.615.68.78<\/p>\n<p>[\/et_pb_text][\/et_pb_column][et_pb_column type=\u00a0\u00bb1_3&Prime; _builder_version=\u00a0\u00bb3.25&Prime; custom_padding=\u00a0\u00bb|||\u00a0\u00bb custom_padding__hover=\u00a0\u00bb|||\u00a0\u00bb][et_pb_text _builder_version=\u00a0\u00bb3.27.4&Prime; text_font=\u00a0\u00bbMontserrat||||||||\u00a0\u00bb text_text_color=\u00a0\u00bb#ffffff\u00a0\u00bb text_font_size=\u00a0\u00bb16px\u00a0\u00bb]<\/p>\n<p style=\"text-align: center;\">Email<\/p>\n<p style=\"text-align: center;\">info@mice-spirit.com<\/p>\n<p style=\"text-align: center;\">Gen\u00e8ve<\/p>\n<p>[\/et_pb_text][\/et_pb_column][\/et_pb_row][\/et_pb_section]<\/p>\n","protected":false},"excerpt":{"rendered":"<p>LUXE ET GASTRONOMIELuxury at M.I.C.E. spiritLa d\u00e9finition du mot LUXE peut \u00eatre relative et propre \u00e0 chacun. Elle d\u00e9pend de notre histoire, de notre environnement, de notre culture et \u00e9galement de nos exp\u00e9riences de vie. Ici, nous \u00e9voquons le terme de luxe EXP\u00c9RIENTIEL m\u00ealant savoir-faire, exigence et excellence. Un luxe EMOTIONEL qui vous propose de [&hellip;]<\/p>\n","protected":false},"author":4,"featured_media":0,"parent":0,"menu_order":0,"comment_status":"closed","ping_status":"closed","template":"","meta":{"_et_pb_use_builder":"on","_et_pb_old_content":"","_et_gb_content_width":"","footnotes":""},"class_list":["post-30114","page","type-page","status-publish","hentry"],"_links":{"self":[{"href":"https:\/\/mice-spirit.com\/en\/wp-json\/wp\/v2\/pages\/30114","targetHints":{"allow":["GET"]}}],"collection":[{"href":"https:\/\/mice-spirit.com\/en\/wp-json\/wp\/v2\/pages"}],"about":[{"href":"https:\/\/mice-spirit.com\/en\/wp-json\/wp\/v2\/types\/page"}],"author":[{"embeddable":true,"href":"https:\/\/mice-spirit.com\/en\/wp-json\/wp\/v2\/users\/4"}],"replies":[{"embeddable":true,"href":"https:\/\/mice-spirit.com\/en\/wp-json\/wp\/v2\/comments?post=30114"}],"version-history":[{"count":15,"href":"https:\/\/mice-spirit.com\/en\/wp-json\/wp\/v2\/pages\/30114\/revisions"}],"predecessor-version":[{"id":30177,"href":"https:\/\/mice-spirit.com\/en\/wp-json\/wp\/v2\/pages\/30114\/revisions\/30177"}],"wp:attachment":[{"href":"https:\/\/mice-spirit.com\/en\/wp-json\/wp\/v2\/media?parent=30114"}],"curies":[{"name":"wp","href":"https:\/\/api.w.org\/{rel}","templated":true}]}}